{"id":48,"date":"2024-01-08T21:27:29","date_gmt":"2024-01-08T21:27:29","guid":{"rendered":"https:\/\/courses.yesmontreal.ca\/?page_id=48"},"modified":"2025-03-06T17:04:52","modified_gmt":"2025-03-06T22:04:52","slug":"available-courses","status":"publish","type":"page","link":"https:\/\/courses.yesmontreal.ca\/","title":{"rendered":"YES eLearning Courses"},"content":{"rendered":"\n<h4 class=\"wp-block-heading has-text-align-center has-x-large-font-size\"><mark style=\"background-color:rgba(0, 0, 0, 0);color:#1f1c53\" class=\"has-inline-color\">eLearning Courses<\/mark><em> \/ Cours en ligne<\/em><\/h4>\n\n\n\n<div class=\"wp-block-media-text has-media-on-the-right is-stacked-on-mobile is-vertically-aligned-center is-image-fill has-background\" style=\"background-color:#fafdff;grid-template-columns:auto 36%\"><div class=\"wp-block-media-text__content\">\n<h3 class=\"wp-block-heading has-text-color has-link-color has-medium-font-size wp-elements-5fa4f158cdf894c259517fed1801225c\" style=\"color:#255874;letter-spacing:0.2px;line-height:1.7\"><strong>YES Employment + Entrepreneurship\u00a0is proud to offer this empowering platform and courses to help you achieve your business goals. \u00a0<\/strong><\/h3>\n\n\n\n<p class=\"has-text-color has-link-color wp-elements-18ee6ffe2858b27b795886fd553a07ea\" style=\"color:#255874\"><em>YES Emploi + Entrepreneuriat est fier de proposer cette plateforme et ces cours stimulants pour vous aider \u00e0 atteindre vos objectifs professionnels.<\/em> \u00a0<\/p>\n<\/div><figure class=\"wp-block-media-text__media\" style=\"background-image:url(https:\/\/courses.yesmontreal.ca\/wp-content\/uploads\/2024\/03\/christina-wocintechchat-com-eZ8g_7Sh0J0-unsplash-1-1024x684.jpg);background-position:100% 30%\"><img loading=\"lazy\" decoding=\"async\" width=\"1024\" height=\"684\" src=\"https:\/\/courses.yesmontreal.ca\/wp-content\/uploads\/2024\/03\/christina-wocintechchat-com-eZ8g_7Sh0J0-unsplash-1-1024x684.jpg\" alt=\"\" class=\"wp-image-639 size-large\" srcset=\"https:\/\/courses.yesmontreal.ca\/wp-content\/uploads\/2024\/03\/christina-wocintechchat-com-eZ8g_7Sh0J0-unsplash-1-1024x684.jpg 1024w, https:\/\/courses.yesmontreal.ca\/wp-content\/uploads\/2024\/03\/christina-wocintechchat-com-eZ8g_7Sh0J0-unsplash-1-300x200.jpg 300w, https:\/\/courses.yesmontreal.ca\/wp-content\/uploads\/2024\/03\/christina-wocintechchat-com-eZ8g_7Sh0J0-unsplash-1-768x513.jpg 768w, https:\/\/courses.yesmontreal.ca\/wp-content\/uploads\/2024\/03\/christina-wocintechchat-com-eZ8g_7Sh0J0-unsplash-1-1536x1025.jpg 1536w, https:\/\/courses.yesmontreal.ca\/wp-content\/uploads\/2024\/03\/christina-wocintechchat-com-eZ8g_7Sh0J0-unsplash-1-2048x1367.jpg 2048w, https:\/\/courses.yesmontreal.ca\/wp-content\/uploads\/2024\/03\/christina-wocintechchat-com-eZ8g_7Sh0J0-unsplash-1-600x400.jpg 600w, https:\/\/courses.yesmontreal.ca\/wp-content\/uploads\/2024\/03\/christina-wocintechchat-com-eZ8g_7Sh0J0-unsplash-1-1200x801.jpg 1200w, https:\/\/courses.yesmontreal.ca\/wp-content\/uploads\/2024\/03\/christina-wocintechchat-com-eZ8g_7Sh0J0-unsplash-1-1400x935.jpg 1400w\" sizes=\"auto, (max-width: 1024px) 100vw, 1024px\" \/><\/figure><\/div>\n\n\n\n<div style=\"color:#ddd\" class=\"wp-block-genesis-blocks-gb-spacer gb-block-spacer gb-divider-solid gb-divider-size-1\"><hr style=\"height:13px\"\/><\/div>\n\n\n\n\n\n\n<div style=\"color:#ddd\" class=\"wp-block-genesis-blocks-gb-spacer gb-block-spacer gb-divider-solid gb-divider-size-1\"><hr style=\"height:9px\"\/><\/div>\n\n\n\n<h6 class=\"wp-block-heading\">Please note that our courses are currently offered free of charge as they are in the testing phase.<\/h6>\n\n\n\n<p><em>Veuillez noter que nos cours sont actuellement propos\u00e9s gratuitement car ils sont en phase de test.<\/em><\/p>\n\n\n<div class=\"learndash-wrap\"><div id=\"ld_course_categorydropdown\"><form method=\"get\">\n\t\t\t\t\t<label for=\"ld_course_categorydropdown_select\">Course Categories<\/label>\n\t\t\t\t\t<select id=\"ld_course_categorydropdown_select\" name=\"course_catid\" onChange=\"jQuery('#ld_course_categorydropdown form').submit()\"><option value=\"\">Select Course Categories<\/option><option value='10' >YES Courses (5)<\/option><\/select><input type='submit' style='display:none'><\/form><\/div><div id=\"ld-course-list-content-7227fe228f95e4b0c51139f6c71570df\" class=\"ld-course-list-content\" data-shortcode-atts=\"{&quot;course_category_name&quot;:&quot;yes-courses&quot;,&quot;course_categoryselector&quot;:&quot;true&quot;,&quot;course_grid&quot;:&quot;true&quot;,&quot;progress_bar&quot;:&quot;true&quot;,&quot;col&quot;:&quot;2&quot;}\">\n\t\t\t<div class=\"ld-course-list-items row\">\n\t<!-- LearnDash Course Grid v1 --><div class=\"ld_course_grid col-sm-12 col-md-6 \">\n\t<article id=\"post-1971\" class=\" thumbnail course post-1971 sfwd-courses type-sfwd-courses status-publish has-post-thumbnail hentry ld_course_category-yes-courses post with-featured-image\">\n\t\t\t\t\t\t\t\t<div class=\"ribbon\">\n\t\t\t\tFree\t\t\t<\/div>\n\t\t\t\n\t\t\t\t\t\t<a href=\"https:\/\/courses.yesmontreal.ca\/?sfwd-courses=transferable-skills-course-your-toolkit-for-success\" rel=\"bookmark\">\n\t\t\t\t<img loading=\"lazy\" decoding=\"async\" width=\"300\" height=\"169\" src=\"https:\/\/courses.yesmontreal.ca\/wp-content\/uploads\/2026\/03\/Screenshot-2026-04-20-155622-300x169.png\" class=\"attachment-medium size-medium wp-post-image\" alt=\"\" srcset=\"https:\/\/courses.yesmontreal.ca\/wp-content\/uploads\/2026\/03\/Screenshot-2026-04-20-155622-300x169.png 300w, https:\/\/courses.yesmontreal.ca\/wp-content\/uploads\/2026\/03\/Screenshot-2026-04-20-155622.png 601w\" sizes=\"auto, (max-width: 300px) 100vw, 300px\" \/>\t\t\t<\/a>\n\t\t\t\t\t\n\t\t\t\t\t<div class=\"caption\">\n\t\t\t\t<h3 class=\"entry-title\">Transferable Skills Course-Your toolkit for success<\/h3>\n\t\t\t\t\t\t\t\t<div class=\"ld_course_grid_button\"><a class=\"btn btn-primary\" role=\"button\" href=\"https:\/\/courses.yesmontreal.ca\/?sfwd-courses=transferable-skills-course-your-toolkit-for-success\" rel=\"bookmark\">Enroll Now<\/a><\/div>\n\t\t\t\t\t\t\t\t\t\t\t\t\t\t\t\t\t\t\t\t\t\t\t\t\t\t\t<\/div><!-- .entry-header -->\n\t\t\t<\/article><!-- #post-## -->\n<\/div><!-- .ld_course_grid -->\n<!-- LearnDash Course Grid v1 --><div class=\"ld_course_grid col-sm-12 col-md-6 \">\n\t<article id=\"post-796\" class=\" thumbnail course post-796 sfwd-courses type-sfwd-courses status-publish has-post-thumbnail hentry ld_course_category-yes-courses post with-featured-image\">\n\t\t\t\t\t\t\t\t<div class=\"ribbon\">\n\t\t\t\tFree\t\t\t<\/div>\n\t\t\t\n\t\t\t\t\t\t<a href=\"https:\/\/courses.yesmontreal.ca\/?sfwd-courses=financing-growth-making-informed-decisions-2\" rel=\"bookmark\">\n\t\t\t\t<img loading=\"lazy\" decoding=\"async\" width=\"300\" height=\"166\" src=\"https:\/\/courses.yesmontreal.ca\/wp-content\/uploads\/2024\/02\/Funding-banner-1-1-300x166.png\" class=\"attachment-medium size-medium wp-post-image\" alt=\"\" srcset=\"https:\/\/courses.yesmontreal.ca\/wp-content\/uploads\/2024\/02\/Funding-banner-1-1-300x166.png 300w, https:\/\/courses.yesmontreal.ca\/wp-content\/uploads\/2024\/02\/Funding-banner-1-1.png 760w\" sizes=\"auto, (max-width: 300px) 100vw, 300px\" \/>\t\t\t<\/a>\n\t\t\t\t\t\n\t\t\t\t\t<div class=\"caption\">\n\t\t\t\t<h3 class=\"entry-title\">Financer la croissance: prendre des d\u00e9cisions \u00e9clair\u00e9es<\/h3>\n\t\t\t\t\t\t\t\t<div class=\"ld_course_grid_button\"><a class=\"btn btn-primary\" role=\"button\" href=\"https:\/\/courses.yesmontreal.ca\/?sfwd-courses=financing-growth-making-informed-decisions-2\" rel=\"bookmark\">Enroll Now<\/a><\/div>\n\t\t\t\t\t\t\t\t\t\t\t\t\t\t\t\t\t\t\t\t\t\t\t\t\t\t\t<\/div><!-- .entry-header -->\n\t\t\t<\/article><!-- #post-## -->\n<\/div><!-- .ld_course_grid -->\n<!-- LearnDash Course Grid v1 --><div class=\"ld_course_grid col-sm-12 col-md-6 \">\n\t<article id=\"post-664\" class=\" thumbnail course post-664 sfwd-courses type-sfwd-courses status-publish has-post-thumbnail hentry ld_course_category-yes-courses ld_course_tag-sales post with-featured-image\">\n\t\t\t\t\t\t\t\t<div class=\"ribbon\">\n\t\t\t\tFree\t\t\t<\/div>\n\t\t\t\n\t\t\t\t\t\t<a href=\"https:\/\/courses.yesmontreal.ca\/?sfwd-courses=a-roadmap-to-sales-success-2\" rel=\"bookmark\">\n\t\t\t\t<img loading=\"lazy\" decoding=\"async\" width=\"300\" height=\"166\" src=\"https:\/\/courses.yesmontreal.ca\/wp-content\/uploads\/2024\/02\/Sales-banner-1-300x166.png\" class=\"attachment-medium size-medium wp-post-image\" alt=\"\" srcset=\"https:\/\/courses.yesmontreal.ca\/wp-content\/uploads\/2024\/02\/Sales-banner-1-300x166.png 300w, https:\/\/courses.yesmontreal.ca\/wp-content\/uploads\/2024\/02\/Sales-banner-1.png 760w\" sizes=\"auto, (max-width: 300px) 100vw, 300px\" \/>\t\t\t<\/a>\n\t\t\t\t\t\n\t\t\t\t\t<div class=\"caption\">\n\t\t\t\t<h3 class=\"entry-title\">R\u00e9ussir ses ventes : mode d\u2019emploi<\/h3>\n\t\t\t\t\t\t\t\t<div class=\"ld_course_grid_button\"><a class=\"btn btn-primary\" role=\"button\" href=\"https:\/\/courses.yesmontreal.ca\/?sfwd-courses=a-roadmap-to-sales-success-2\" rel=\"bookmark\">Enroll Now<\/a><\/div>\n\t\t\t\t\t\t\t\t\t\t\t\t\t\t\t\t\t\t\t\t\t\t\t\t\t\t\t<\/div><!-- .entry-header -->\n\t\t\t<\/article><!-- #post-## -->\n<\/div><!-- .ld_course_grid -->\n<!-- LearnDash Course Grid v1 --><div class=\"ld_course_grid col-sm-12 col-md-6 \">\n\t<article id=\"post-208\" class=\" thumbnail course post-208 sfwd-courses type-sfwd-courses status-publish has-post-thumbnail hentry ld_course_category-yes-courses post with-featured-image\">\n\t\t\t\t\t\t\t\t<div class=\"ribbon\">\n\t\t\t\tFree\t\t\t<\/div>\n\t\t\t\n\t\t\t\t\t\t<a href=\"https:\/\/courses.yesmontreal.ca\/?sfwd-courses=financing-growth-making-informed-decisions\" rel=\"bookmark\">\n\t\t\t\t<img loading=\"lazy\" decoding=\"async\" width=\"300\" height=\"166\" src=\"https:\/\/courses.yesmontreal.ca\/wp-content\/uploads\/2024\/02\/Funding-banner-1-1-300x166.png\" class=\"attachment-medium size-medium wp-post-image\" alt=\"\" srcset=\"https:\/\/courses.yesmontreal.ca\/wp-content\/uploads\/2024\/02\/Funding-banner-1-1-300x166.png 300w, https:\/\/courses.yesmontreal.ca\/wp-content\/uploads\/2024\/02\/Funding-banner-1-1.png 760w\" sizes=\"auto, (max-width: 300px) 100vw, 300px\" \/>\t\t\t<\/a>\n\t\t\t\t\t\n\t\t\t\t\t<div class=\"caption\">\n\t\t\t\t<h3 class=\"entry-title\">Financing Growth: Making Informed Decisions<\/h3>\n\t\t\t\t\t\t\t\t<div class=\"ld_course_grid_button\"><a class=\"btn btn-primary\" role=\"button\" href=\"https:\/\/courses.yesmontreal.ca\/?sfwd-courses=financing-growth-making-informed-decisions\" rel=\"bookmark\">Enroll Now<\/a><\/div>\n\t\t\t\t\t\t\t\t\t\t\t\t\t\t\t\t\t\t\t\t\t\t\t\t\t\t\t<\/div><!-- .entry-header -->\n\t\t\t<\/article><!-- #post-## -->\n<\/div><!-- .ld_course_grid -->\n<!-- LearnDash Course Grid v1 --><div class=\"ld_course_grid col-sm-12 col-md-6 \">\n\t<article id=\"post-69\" class=\" thumbnail course post-69 sfwd-courses type-sfwd-courses status-publish has-post-thumbnail hentry ld_course_category-yes-courses ld_course_tag-sales post with-featured-image\">\n\t\t\t\t\t\t\t\t<div class=\"ribbon\">\n\t\t\t\tFree\t\t\t<\/div>\n\t\t\t\n\t\t\t\t\t\t<a href=\"https:\/\/courses.yesmontreal.ca\/?sfwd-courses=a-roadmap-to-sales-success\" rel=\"bookmark\">\n\t\t\t\t<img loading=\"lazy\" decoding=\"async\" width=\"300\" height=\"166\" src=\"https:\/\/courses.yesmontreal.ca\/wp-content\/uploads\/2024\/02\/Sales-banner-1-300x166.png\" class=\"attachment-medium size-medium wp-post-image\" alt=\"\" srcset=\"https:\/\/courses.yesmontreal.ca\/wp-content\/uploads\/2024\/02\/Sales-banner-1-300x166.png 300w, https:\/\/courses.yesmontreal.ca\/wp-content\/uploads\/2024\/02\/Sales-banner-1.png 760w\" sizes=\"auto, (max-width: 300px) 100vw, 300px\" \/>\t\t\t<\/a>\n\t\t\t\t\t\n\t\t\t\t\t<div class=\"caption\">\n\t\t\t\t<h3 class=\"entry-title\">A Roadmap to Sales Success<\/h3>\n\t\t\t\t\t\t\t\t<div class=\"ld_course_grid_button\"><a class=\"btn btn-primary\" role=\"button\" href=\"https:\/\/courses.yesmontreal.ca\/?sfwd-courses=a-roadmap-to-sales-success\" rel=\"bookmark\">Enroll Now<\/a><\/div>\n\t\t\t\t\t\t\t\t\t\t\t\t\t\t\t\t\t\t\t\t\t\t\t\t\t\t\t<\/div><!-- .entry-header -->\n\t\t\t<\/article><!-- #post-## -->\n<\/div><!-- .ld_course_grid -->\n\t<\/div>\n\t\t\t<\/div>\n\t\t<\/div>","protected":false},"excerpt":{"rendered":"<p>eLearning Courses \/ Cours en ligne YES Employment + Entrepreneurship\u00a0is proud to offer this empowering platform and courses to help you achieve your business goals. \u00a0 YES Emploi + Entrepreneuriat est fier de proposer cette plateforme et ces cours stimulants pour vous aider \u00e0 atteindre vos objectifs professionnels. \u00a0 Please note that our courses are &hellip;<\/p>\n","protected":false},"author":3,"featured_media":0,"parent":0,"menu_order":0,"comment_status":"closed","ping_status":"closed","template":"","meta":{"_genesis_block_theme_hide_title":true,"footnotes":""},"folder":[],"class_list":["post-48","page","type-page","status-publish","hentry","post","without-featured-image"],"featured_image_src":null,"featured_image_src_square":null,"_links":{"self":[{"href":"https:\/\/courses.yesmontreal.ca\/index.php?rest_route=\/wp\/v2\/pages\/48","targetHints":{"allow":["GET"]}}],"collection":[{"href":"https:\/\/courses.yesmontreal.ca\/index.php?rest_route=\/wp\/v2\/pages"}],"about":[{"href":"https:\/\/courses.yesmontreal.ca\/index.php?rest_route=\/wp\/v2\/types\/page"}],"author":[{"embeddable":true,"href":"https:\/\/courses.yesmontreal.ca\/index.php?rest_route=\/wp\/v2\/users\/3"}],"replies":[{"embeddable":true,"href":"https:\/\/courses.yesmontreal.ca\/index.php?rest_route=%2Fwp%2Fv2%2Fcomments&post=48"}],"version-history":[{"count":0,"href":"https:\/\/courses.yesmontreal.ca\/index.php?rest_route=\/wp\/v2\/pages\/48\/revisions"}],"wp:attachment":[{"href":"https:\/\/courses.yesmontreal.ca\/index.php?rest_route=%2Fwp%2Fv2%2Fmedia&parent=48"}],"wp:term":[{"taxonomy":"folder","embeddable":true,"href":"https:\/\/courses.yesmontreal.ca\/index.php?rest_route=%2Fwp%2Fv2%2Ffolder&post=48"}],"curies":[{"name":"wp","href":"https:\/\/api.w.org\/{rel}","templated":true}]}}